{"id":2943,"date":"2024-08-30T12:13:06","date_gmt":"2024-08-30T18:13:06","guid":{"rendered":"https:\/\/www.invexcontroladora.com\/?page_id=2943"},"modified":"2026-02-23T10:11:07","modified_gmt":"2026-02-23T16:11:07","slug":"sustentabilidad","status":"publish","type":"page","link":"https:\/\/www.invexcontroladora.com\/en\/sustentabilidad\/","title":{"rendered":"Sustainability"},"content":{"rendered":"<div data-elementor-type=\"wp-page\" data-elementor-id=\"2943\" class=\"elementor elementor-2943\">\n\t\t\t\t\t\t<section class=\"elementor-section elementor-top-section elementor-element elementor-element-d0a2050 elementor-section-boxed elementor-section-height-default elementor-section-height-default\" data-id=\"d0a2050\" data-element_type=\"section\">\n\t\t\t\t\t\t<div class=\"elementor-container elementor-column-gap-default\">\n\t\t\t\t\t<div class=\"elementor-column elementor-col-100 elementor-top-column elementor-element elementor-element-78421b7\" data-id=\"78421b7\" data-element_type=\"column\">\n\t\t\t<div class=\"elementor-widget-wrap elementor-element-populated\">\n\t\t\t\t\t\t\t<\/div>\n\t\t<\/div>\n\t\t\t\t\t<\/div>\n\t\t<\/section>\n\t\t\t\t<section class=\"elementor-section elementor-top-section elementor-element elementor-element-c111f19 elementor-section-boxed elementor-section-height-default elementor-section-height-default\" data-id=\"c111f19\" data-element_type=\"section\">\n\t\t\t\t\t\t<div class=\"elementor-container elementor-column-gap-default\">\n\t\t\t\t\t<div class=\"elementor-column elementor-col-100 elementor-top-column elementor-element elementor-element-20e6451\" data-id=\"20e6451\" data-element_type=\"column\">\n\t\t\t<div class=\"elementor-widget-wrap elementor-element-populated\">\n\t\t\t\t\t\t<div class=\"elementor-element elementor-element-0c177fe elementor-widget elementor-widget-heading\" data-id=\"0c177fe\" data-element_type=\"widget\" data-widget_type=\"heading.default\">\n\t\t\t\t<div class=\"elementor-widget-container\">\n\t\t\t\t\t<h2 class=\"elementor-heading-title elementor-size-default\"><br>En INVEX Controladora nos ocupamos para contar con altos niveles<br>de gobernanza para los temas ambientales, sociales y de gobierno corporativo que le permitan dar mayor sostenibilidad a nuestros negocios.<br><br>\nA continuaci\u00f3n, publicamos las pol\u00edticas que nos rigen y<br>que han sido autorizadas por el Consejo de Administraci\u00f3n:<br><br><\/h2>\t\t\t\t<\/div>\n\t\t\t\t<\/div>\n\t\t\t\t\t<\/div>\n\t\t<\/div>\n\t\t\t\t\t<\/div>\n\t\t<\/section>\n\t\t\t\t<\/div>","protected":false},"excerpt":{"rendered":"<p>En INVEX Controladora nos ocupamos para contar con altos nivelesde gobernanza para los temas ambientales, sociales y de gobierno corporativo que le permitan dar mayor sostenibilidad a nuestros negocios. A continuaci\u00f3n, publicamos las pol\u00edticas que nos rigen yque han sido autorizadas por el Consejo de Administraci\u00f3n:<\/p>","protected":false},"author":4,"featured_media":0,"parent":0,"menu_order":0,"comment_status":"closed","ping_status":"closed","template":"","meta":{"om_disable_all_campaigns":false,"inline_featured_image":false,"footnotes":""},"class_list":["post-2943","page","type-page","status-publish","hentry"],"acf":[],"aioseo_notices":[],"_links":{"self":[{"href":"https:\/\/www.invexcontroladora.com\/en\/wp-json\/wp\/v2\/pages\/2943","targetHints":{"allow":["GET"]}}],"collection":[{"href":"https:\/\/www.invexcontroladora.com\/en\/wp-json\/wp\/v2\/pages"}],"about":[{"href":"https:\/\/www.invexcontroladora.com\/en\/wp-json\/wp\/v2\/types\/page"}],"author":[{"embeddable":true,"href":"https:\/\/www.invexcontroladora.com\/en\/wp-json\/wp\/v2\/users\/4"}],"replies":[{"embeddable":true,"href":"https:\/\/www.invexcontroladora.com\/en\/wp-json\/wp\/v2\/comments?post=2943"}],"version-history":[{"count":10,"href":"https:\/\/www.invexcontroladora.com\/en\/wp-json\/wp\/v2\/pages\/2943\/revisions"}],"predecessor-version":[{"id":3788,"href":"https:\/\/www.invexcontroladora.com\/en\/wp-json\/wp\/v2\/pages\/2943\/revisions\/3788"}],"wp:attachment":[{"href":"https:\/\/www.invexcontroladora.com\/en\/wp-json\/wp\/v2\/media?parent=2943"}],"curies":[{"name":"wp","href":"https:\/\/api.w.org\/{rel}","templated":true}]}}